{"id":59,"date":"2026-02-25T23:12:53","date_gmt":"2026-02-26T02:12:53","guid":{"rendered":"http:\/\/papostudio.com.br\/?page_id=59"},"modified":"2026-02-26T13:58:50","modified_gmt":"2026-02-26T16:58:50","slug":"sobre-a-papo-marketing-design","status":"publish","type":"page","link":"http:\/\/papostudio.com.br\/index.php\/sobre-a-papo-marketing-design\/","title":{"rendered":"Sobre"},"content":{"rendered":"\n<p><\/p>\n\n\n<link rel=\"stylesheet\" href=\"https:\/\/fonts.googleapis.com\/css2?family=Public Sans:wght@400;500;600;700;800\" \/>\n<div class=\"wp-block-group has-text-color has-background has-link-color wp-elements-c8130c2fe5a169f2cb868d45bc61e282 is-layout-constrained wp-container-core-group-is-layout-ae6d2e24 wp-block-group-is-layout-constrained\" style=\"color:#575d5c;background-color:#fffffe;margin-top:0;margin-bottom:0;padding-top:80px;padding-right:26px;padding-bottom:80px;padding-left:26px;font-size:clamp(14px, 0.875rem + ((1vw - 3.2px) * 0.122), 16px);font-style:normal;font-weight:400;line-height:1.7; font-family: 'Public Sans' !important;\" style=\"color:#575d5c;background-color:#fffffe;margin-top:0;margin-bottom:0;padding-top:80px;padding-right:26px;padding-bottom:80px;padding-left:26px;font-size:clamp(14px, 0.875rem + ((1vw - 3.2px) * 0.122), 16px);font-style:normal;font-weight:400;line-height:1.7\">\n<div class=\"wp-block-columns is-layout-flex wp-container-core-columns-is-layout-f91475f2 wp-block-columns-is-layout-flex\" style=\"margin-top:0;margin-bottom:0\">\n<div class=\"wp-block-column is-vertically-aligned-top is-layout-flow wp-container-core-column-is-layout-8a368f38 wp-block-column-is-layout-flow cozy-animation__initialized\" data-aos=\"flip-left\" data-aos-easing=\"ease\" data-aos-anchor-placement=\"top-center\" data-aos-duration=\"800\">\n<figure class=\"wp-block-image size-large\"><img loading=\"lazy\" decoding=\"async\" width=\"683\" height=\"1024\" src=\"http:\/\/papostudio.com.br\/wp-content\/uploads\/2026\/02\/IMG_1059-683x1024.jpg\" alt=\"\" class=\"wp-image-63\" srcset=\"http:\/\/papostudio.com.br\/wp-content\/uploads\/2026\/02\/IMG_1059-683x1024.jpg 683w, http:\/\/papostudio.com.br\/wp-content\/uploads\/2026\/02\/IMG_1059-200x300.jpg 200w, http:\/\/papostudio.com.br\/wp-content\/uploads\/2026\/02\/IMG_1059-768x1152.jpg 768w, http:\/\/papostudio.com.br\/wp-content\/uploads\/2026\/02\/IMG_1059-1024x1536.jpg 1024w, http:\/\/papostudio.com.br\/wp-content\/uploads\/2026\/02\/IMG_1059-600x900.jpg 600w, http:\/\/papostudio.com.br\/wp-content\/uploads\/2026\/02\/IMG_1059.jpg 1365w\" sizes=\"auto, (max-width: 683px) 100vw, 683px\" \/><\/figure>\n<\/div>\n\n\n\n<div class=\"wp-block-column is-vertically-aligned-center is-layout-flow wp-container-core-column-is-layout-8a368f38 wp-block-column-is-layout-flow\"><link rel=\"stylesheet\" href=\"https:\/\/fonts.googleapis.com\/css2?family=Libre Caslon Text:wght@400;500;600;700;800\" \/>\n<h2 class=\"wp-block-heading has-text-color has-link-color wp-elements-6ef0be75798d6c631b400c755b2d5207\" style=\"color:#021a15;margin-top:0px;margin-bottom:16px;font-size:clamp(25.984px, 1.624rem + ((1vw - 3.2px) * 1.099), 44px);font-style:normal;font-weight:500;line-height:1.3; font-family: 'Libre Caslon Text' !important;\" style=\"color:#021a15;margin-top:0px;margin-bottom:16px;font-size:clamp(25.984px, 1.624rem + ((1vw - 3.2px) * 1.099), 44px);font-style:normal;font-weight:500;line-height:1.3\">Studio<\/h2>\n\n\n\n<p>Somos um est\u00fadio criativo com vis\u00e3o 360\u00ba, que integra design, branding e marketing para construir marcas fortes, estrat\u00e9gicas e orientadas a resultado.<\/p>\n\n\n\n<p><\/p>\n\n\n\n<p>Atuamos no desenvolvimento de projetos de design voltados para ambientes e experi\u00eancias, conectando arquitetura, identidade visual e posicionamento de marca de forma sist\u00eamica e coerente.<\/p>\n\n\n\n<p><\/p>\n\n\n\n<p>Acreditamos que marcas s\u00f3lidas nascem da estrat\u00e9gia. Por isso, unimos branding, design gr\u00e1fico e m\u00eddia para transformar prop\u00f3sito em presen\u00e7a, e presen\u00e7a em performance. Da concep\u00e7\u00e3o \u00e0 execu\u00e7\u00e3o, acompanhamos cada etapa do processo, do estudo de posicionamento \u00e0 gest\u00e3o de tr\u00e1fego pago, garantindo consist\u00eancia, diferencia\u00e7\u00e3o e impacto real no mercado.<\/p>\n\n\n\n<p><\/p>\n\n\n\n<p>Nosso trabalho vai al\u00e9m da est\u00e9tica. Criamos experi\u00eancias, estruturamos narrativas e desenvolvemos solu\u00e7\u00f5es que conectam marcas \u00e0s pessoas e ambientes.<\/p>\n\n\n\n<p><\/p>\n\n\n\n<p class=\"cozy-animation__initialized\" data-aos=\"fade-up\" data-aos-easing=\"ease-in\" data-aos-anchor-placement=\"top-bottom\" data-aos-duration=\"600\">Conectamos branding, design e m\u00eddia para transformar posicionamento em resultado.<\/p>\n<\/div>\n<\/div>\n<\/div>\n","protected":false},"excerpt":{"rendered":"<p>Studio Somos um est\u00fadio criativo com vis\u00e3o 360\u00ba, que integra design, branding e marketing para construir marcas fortes, estrat\u00e9gicas e orientadas a resultado. Atuamos no desenvolvimento de projetos de design voltados para ambientes e experi\u00eancias, conectando arquitetura, identidade visual e posicionamento de marca de forma sist\u00eamica e coerente. Acreditamos que marcas s\u00f3lidas nascem da estrat\u00e9gia&#8230;.<\/p>\n","protected":false},"author":1,"featured_media":0,"parent":0,"menu_order":0,"comment_status":"closed","ping_status":"closed","template":"","meta":{"footnotes":""},"class_list":["post-59","page","type-page","status-publish","hentry"],"yoast_head":"<!-- This site is optimized with the Yoast SEO plugin v27.0 - https:\/\/yoast.com\/product\/yoast-seo-wordpress\/ -->\n<title>Sobre - PaPo Studio<\/title>\n<meta name=\"robots\" content=\"index, follow, max-snippet:-1, max-image-preview:large, max-video-preview:-1\" \/>\n<link rel=\"canonical\" href=\"http:\/\/papostudio.com.br\/index.php\/sobre-a-papo-marketing-design\/\" \/>\n<meta property=\"og:locale\" content=\"pt_BR\" \/>\n<meta property=\"og:type\" content=\"article\" \/>\n<meta property=\"og:title\" content=\"Sobre - PaPo Studio\" \/>\n<meta property=\"og:description\" content=\"Studio Somos um est\u00fadio criativo com vis\u00e3o 360\u00ba, que integra design, branding e marketing para construir marcas fortes, estrat\u00e9gicas e orientadas a resultado. Atuamos no desenvolvimento de projetos de design voltados para ambientes e experi\u00eancias, conectando arquitetura, identidade visual e posicionamento de marca de forma sist\u00eamica e coerente. Acreditamos que marcas s\u00f3lidas nascem da estrat\u00e9gia....\" \/>\n<meta property=\"og:url\" content=\"http:\/\/papostudio.com.br\/index.php\/sobre-a-papo-marketing-design\/\" \/>\n<meta property=\"og:site_name\" content=\"PaPo Studio\" \/>\n<meta property=\"article:modified_time\" content=\"2026-02-26T16:58:50+00:00\" \/>\n<meta property=\"og:image\" content=\"http:\/\/papostudio.com.br\/wp-content\/uploads\/2026\/02\/IMG_1059.jpg\" \/>\n\t<meta property=\"og:image:width\" content=\"1365\" \/>\n\t<meta property=\"og:image:height\" content=\"2048\" \/>\n\t<meta property=\"og:image:type\" content=\"image\/jpeg\" \/>\n<meta name=\"twitter:card\" content=\"summary_large_image\" \/>\n<meta name=\"twitter:label1\" content=\"Est. tempo de leitura\" \/>\n\t<meta name=\"twitter:data1\" content=\"1 minuto\" \/>\n<script type=\"application\/ld+json\" class=\"yoast-schema-graph\">{\"@context\":\"https:\/\/schema.org\",\"@graph\":[{\"@type\":\"WebPage\",\"@id\":\"http:\/\/papostudio.com.br\/index.php\/sobre-a-papo-marketing-design\/\",\"url\":\"http:\/\/papostudio.com.br\/index.php\/sobre-a-papo-marketing-design\/\",\"name\":\"Sobre - PaPo Studio\",\"isPartOf\":{\"@id\":\"http:\/\/papostudio.com.br\/#website\"},\"primaryImageOfPage\":{\"@id\":\"http:\/\/papostudio.com.br\/index.php\/sobre-a-papo-marketing-design\/#primaryimage\"},\"image\":{\"@id\":\"http:\/\/papostudio.com.br\/index.php\/sobre-a-papo-marketing-design\/#primaryimage\"},\"thumbnailUrl\":\"http:\/\/papostudio.com.br\/wp-content\/uploads\/2026\/02\/IMG_1059-683x1024.jpg\",\"datePublished\":\"2026-02-26T02:12:53+00:00\",\"dateModified\":\"2026-02-26T16:58:50+00:00\",\"breadcrumb\":{\"@id\":\"http:\/\/papostudio.com.br\/index.php\/sobre-a-papo-marketing-design\/#breadcrumb\"},\"inLanguage\":\"pt-BR\",\"potentialAction\":[{\"@type\":\"ReadAction\",\"target\":[\"http:\/\/papostudio.com.br\/index.php\/sobre-a-papo-marketing-design\/\"]}]},{\"@type\":\"ImageObject\",\"inLanguage\":\"pt-BR\",\"@id\":\"http:\/\/papostudio.com.br\/index.php\/sobre-a-papo-marketing-design\/#primaryimage\",\"url\":\"http:\/\/papostudio.com.br\/wp-content\/uploads\/2026\/02\/IMG_1059.jpg\",\"contentUrl\":\"http:\/\/papostudio.com.br\/wp-content\/uploads\/2026\/02\/IMG_1059.jpg\",\"width\":1365,\"height\":2048},{\"@type\":\"BreadcrumbList\",\"@id\":\"http:\/\/papostudio.com.br\/index.php\/sobre-a-papo-marketing-design\/#breadcrumb\",\"itemListElement\":[{\"@type\":\"ListItem\",\"position\":1,\"name\":\"Home\",\"item\":\"http:\/\/papostudio.com.br\/\"},{\"@type\":\"ListItem\",\"position\":2,\"name\":\"Sobre\"}]},{\"@type\":\"WebSite\",\"@id\":\"http:\/\/papostudio.com.br\/#website\",\"url\":\"http:\/\/papostudio.com.br\/\",\"name\":\"PaPo Studio\",\"description\":\"Estrat\u00e9gia, Marketing, Performance, Design\",\"publisher\":{\"@id\":\"http:\/\/papostudio.com.br\/#organization\"},\"potentialAction\":[{\"@type\":\"SearchAction\",\"target\":{\"@type\":\"EntryPoint\",\"urlTemplate\":\"http:\/\/papostudio.com.br\/?s={search_term_string}\"},\"query-input\":{\"@type\":\"PropertyValueSpecification\",\"valueRequired\":true,\"valueName\":\"search_term_string\"}}],\"inLanguage\":\"pt-BR\"},{\"@type\":\"Organization\",\"@id\":\"http:\/\/papostudio.com.br\/#organization\",\"name\":\"PaPo Studio\",\"url\":\"http:\/\/papostudio.com.br\/\",\"logo\":{\"@type\":\"ImageObject\",\"inLanguage\":\"pt-BR\",\"@id\":\"http:\/\/papostudio.com.br\/#\/schema\/logo\/image\/\",\"url\":\"http:\/\/papostudio.com.br\/wp-content\/uploads\/2026\/02\/Design-sem-nome-2-scaled.png\",\"contentUrl\":\"http:\/\/papostudio.com.br\/wp-content\/uploads\/2026\/02\/Design-sem-nome-2-scaled.png\",\"width\":2560,\"height\":2560,\"caption\":\"PaPo Studio\"},\"image\":{\"@id\":\"http:\/\/papostudio.com.br\/#\/schema\/logo\/image\/\"}}]}<\/script>\n<!-- \/ Yoast SEO plugin. -->","yoast_head_json":{"title":"Sobre - PaPo Studio","robots":{"index":"index","follow":"follow","max-snippet":"max-snippet:-1","max-image-preview":"max-image-preview:large","max-video-preview":"max-video-preview:-1"},"canonical":"http:\/\/papostudio.com.br\/index.php\/sobre-a-papo-marketing-design\/","og_locale":"pt_BR","og_type":"article","og_title":"Sobre - PaPo Studio","og_description":"Studio Somos um est\u00fadio criativo com vis\u00e3o 360\u00ba, que integra design, branding e marketing para construir marcas fortes, estrat\u00e9gicas e orientadas a resultado. Atuamos no desenvolvimento de projetos de design voltados para ambientes e experi\u00eancias, conectando arquitetura, identidade visual e posicionamento de marca de forma sist\u00eamica e coerente. Acreditamos que marcas s\u00f3lidas nascem da estrat\u00e9gia....","og_url":"http:\/\/papostudio.com.br\/index.php\/sobre-a-papo-marketing-design\/","og_site_name":"PaPo Studio","article_modified_time":"2026-02-26T16:58:50+00:00","og_image":[{"width":1365,"height":2048,"url":"http:\/\/papostudio.com.br\/wp-content\/uploads\/2026\/02\/IMG_1059.jpg","type":"image\/jpeg"}],"twitter_card":"summary_large_image","twitter_misc":{"Est. tempo de leitura":"1 minuto"},"schema":{"@context":"https:\/\/schema.org","@graph":[{"@type":"WebPage","@id":"http:\/\/papostudio.com.br\/index.php\/sobre-a-papo-marketing-design\/","url":"http:\/\/papostudio.com.br\/index.php\/sobre-a-papo-marketing-design\/","name":"Sobre - PaPo Studio","isPartOf":{"@id":"http:\/\/papostudio.com.br\/#website"},"primaryImageOfPage":{"@id":"http:\/\/papostudio.com.br\/index.php\/sobre-a-papo-marketing-design\/#primaryimage"},"image":{"@id":"http:\/\/papostudio.com.br\/index.php\/sobre-a-papo-marketing-design\/#primaryimage"},"thumbnailUrl":"http:\/\/papostudio.com.br\/wp-content\/uploads\/2026\/02\/IMG_1059-683x1024.jpg","datePublished":"2026-02-26T02:12:53+00:00","dateModified":"2026-02-26T16:58:50+00:00","breadcrumb":{"@id":"http:\/\/papostudio.com.br\/index.php\/sobre-a-papo-marketing-design\/#breadcrumb"},"inLanguage":"pt-BR","potentialAction":[{"@type":"ReadAction","target":["http:\/\/papostudio.com.br\/index.php\/sobre-a-papo-marketing-design\/"]}]},{"@type":"ImageObject","inLanguage":"pt-BR","@id":"http:\/\/papostudio.com.br\/index.php\/sobre-a-papo-marketing-design\/#primaryimage","url":"http:\/\/papostudio.com.br\/wp-content\/uploads\/2026\/02\/IMG_1059.jpg","contentUrl":"http:\/\/papostudio.com.br\/wp-content\/uploads\/2026\/02\/IMG_1059.jpg","width":1365,"height":2048},{"@type":"BreadcrumbList","@id":"http:\/\/papostudio.com.br\/index.php\/sobre-a-papo-marketing-design\/#breadcrumb","itemListElement":[{"@type":"ListItem","position":1,"name":"Home","item":"http:\/\/papostudio.com.br\/"},{"@type":"ListItem","position":2,"name":"Sobre"}]},{"@type":"WebSite","@id":"http:\/\/papostudio.com.br\/#website","url":"http:\/\/papostudio.com.br\/","name":"PaPo Studio","description":"Estrat\u00e9gia, Marketing, Performance, Design","publisher":{"@id":"http:\/\/papostudio.com.br\/#organization"},"potentialAction":[{"@type":"SearchAction","target":{"@type":"EntryPoint","urlTemplate":"http:\/\/papostudio.com.br\/?s={search_term_string}"},"query-input":{"@type":"PropertyValueSpecification","valueRequired":true,"valueName":"search_term_string"}}],"inLanguage":"pt-BR"},{"@type":"Organization","@id":"http:\/\/papostudio.com.br\/#organization","name":"PaPo Studio","url":"http:\/\/papostudio.com.br\/","logo":{"@type":"ImageObject","inLanguage":"pt-BR","@id":"http:\/\/papostudio.com.br\/#\/schema\/logo\/image\/","url":"http:\/\/papostudio.com.br\/wp-content\/uploads\/2026\/02\/Design-sem-nome-2-scaled.png","contentUrl":"http:\/\/papostudio.com.br\/wp-content\/uploads\/2026\/02\/Design-sem-nome-2-scaled.png","width":2560,"height":2560,"caption":"PaPo Studio"},"image":{"@id":"http:\/\/papostudio.com.br\/#\/schema\/logo\/image\/"}}]}},"_links":{"self":[{"href":"http:\/\/papostudio.com.br\/index.php\/wp-json\/wp\/v2\/pages\/59","targetHints":{"allow":["GET"]}}],"collection":[{"href":"http:\/\/papostudio.com.br\/index.php\/wp-json\/wp\/v2\/pages"}],"about":[{"href":"http:\/\/papostudio.com.br\/index.php\/wp-json\/wp\/v2\/types\/page"}],"author":[{"embeddable":true,"href":"http:\/\/papostudio.com.br\/index.php\/wp-json\/wp\/v2\/users\/1"}],"replies":[{"embeddable":true,"href":"http:\/\/papostudio.com.br\/index.php\/wp-json\/wp\/v2\/comments?post=59"}],"version-history":[{"count":6,"href":"http:\/\/papostudio.com.br\/index.php\/wp-json\/wp\/v2\/pages\/59\/revisions"}],"predecessor-version":[{"id":71,"href":"http:\/\/papostudio.com.br\/index.php\/wp-json\/wp\/v2\/pages\/59\/revisions\/71"}],"wp:attachment":[{"href":"http:\/\/papostudio.com.br\/index.php\/wp-json\/wp\/v2\/media?parent=59"}],"curies":[{"name":"wp","href":"https:\/\/api.w.org\/{rel}","templated":true}]}}